{"id":688,"date":"2018-06-01T10:53:49","date_gmt":"2018-06-01T08:53:49","guid":{"rendered":"http:\/\/www.copy2000bern.ch\/wordpress\/?page_id=688"},"modified":"2026-03-08T16:52:34","modified_gmt":"2026-03-08T14:52:34","slug":"8mm-filmrollen","status":"publish","type":"page","link":"https:\/\/www.copy2000bern.ch\/wordpress\/8mm-filmrollen\/","title":{"rendered":"8mm Filmrollen"},"content":{"rendered":"<h1><span style=\"color: #000000;\"><strong>8mm Filmrollen digitalisieren<\/strong><\/span><\/h1>\n<h4><span style=\"color: #000000;\"><strong>Mit unserem Service k\u00f6nnen Sie Ihre 8mm-Filme<br \/>\n<\/strong><strong>(normal\/super ohne Ton, Standard)<\/strong><strong> bei uns \u00e4usserst preiswert und <\/strong><strong>in<br \/>\nbester Qualit\u00e4t auf USB-Stick oder DVD <\/strong><strong>digitalisieren lassen.<\/strong><\/span><br \/>\n<span style=\"color: #000000;\"><strong>Der USB-Stick ist vorteilhafter, g\u00fcnstiger und sehr zu empfehlen.<\/strong><\/span><br \/>\n<span style=\"color: #000000;\"><strong>Dieser kann am Flachbildschirm-Fernseher,\u00a0<\/strong><strong>Beamer,<br \/>\n<\/strong><strong>Computer,\u00a0<\/strong><strong>Laptop, etc.<\/strong><strong>\u00a0angeschlossen werden.<\/strong><\/span><\/h4>\n<h4><span style=\"color: #000000;\"><strong>Falls Sie es w\u00fcnschen auch auf DVD.<\/strong><\/span><\/h4>\n<h4><strong><span style=\"color: #ff0000;\"><span style=\"color: #000000;\">Ihre Filmrollen werden professionell in bester Qualit\u00e4t (1440&#215;1080) eingescannt,<br \/>\n<\/span>nicht abgefilmt!<\/span><\/strong><\/h4>\n<h4><span style=\"color: #000000;\"><strong>Wir unterst\u00fctzen Sie gerne bei technischen Fragen, selbstverst\u00e4ndlich kostenfrei.<\/strong><\/span><\/h4>\n<h4><span style=\"color: #000000;\"><strong>Alle Angebote &amp; Preise sind transparent auf unserer Website.<\/strong><\/span><\/h4>\n<h4><span style=\"color: #000000;\"><strong>Wir benutzen aus\u00a0Datenschutzgr\u00fcnden <span style=\"color: #ff0000;\">KEINE<\/span> iCloud.<br \/>\n<\/strong><\/span><\/h4>\n<h4><strong><span style=\"color: #ff0000;\"><span style=\"color: #000000;\">Die Filmrollen werden bei uns digitalisiert,<\/span> und nicht wie vielfach \u00fcblich<br \/>\nzum Digitalisieren ins Ausland weitergeschickt.<\/span><\/strong><\/h4>\n<h4><strong><span style=\"color: #000000;\">Wir benutzen aus\u00a0Datenschutzgr\u00fcnden<\/span> <span style=\"color: #ff0000;\">KEINE<\/span> <span style=\"color: #000000;\">iCloud.<\/span><\/strong><\/h4>\n<h4><\/h4>\n<h4><strong><span style=\"color: #ff0000;\"><a style=\"color: #ff0000;\" href=\"http:\/\/www.copy2000bern.ch\/wordpress\/wp-content\/uploads\/2018\/06\/Real-Kopie.jpg\"><img loading=\"lazy\" decoding=\"async\" class=\"alignright wp-image-692\" src=\"http:\/\/www.copy2000bern.ch\/wordpress\/wp-content\/uploads\/2018\/06\/Real-Kopie-580x302.jpg\" alt=\"\" width=\"290\" height=\"151\" \/><\/a><\/span><\/strong><\/h4>\n<h2><span style=\"color: #ff0000;\"><strong><ins datetime=\"2019-04-05T11:03:40+00:00\">Preise:<\/ins><\/strong><\/span><\/h2>\n<h4><strong><span style=\"color: #000000;\">Pro Rolle\/Spule CHF. 8.50<\/span><\/strong><br \/>\n<strong><span style=\"color: #000000;\">Pro Minute Film CHF. 2.50<\/span><\/strong><br \/>\n<strong><span style=\"color: #000000;\">Gerissene Klebestellen reparieren:<\/span><span style=\"color: #ff0000;\">\u00a0gratis<br \/>\n<\/span><span style=\"color: #000000;\">Bildstabilisation:<\/span> <span style=\"color: #ff0000;\"><span style=\"color: #000000;\"><span style=\"color: #ff0000;\">gratis<br \/>\n<\/span><\/span><\/span><\/strong><strong><span style=\"color: #000000;\">Bildbearbeitung:<\/span> <span style=\"color: #ff0000;\">gratis<br \/>\n<\/span><\/strong><strong><span style=\"color: #ff0000;\"><span style=\"color: #000000;\">Geschwindigkeitsanpassung:<\/span> gratis<br \/>\n<\/span><span style=\"color: #000000;\">R\u00fcckspulen:<\/span><span style=\"color: #ff0000;\">\u00a0gratis<br \/>\n<\/span><\/strong><strong><span style=\"color: #000000;\">Mehrere Filme zu einem Haupt-Film zusammenf\u00fcgen, CHF. 4.50<\/span><\/strong><\/h4>\n<p>&nbsp;<\/p>\n<h4><strong><span style=\"color: #000000;\">USB-Stick`s sind auch g\u00fcnstig bei uns erh\u00e4ltlich:<br \/>\n<\/span><span style=\"color: #000000;\"><span style=\"color: #ff0000;\">Keine<\/span> billigen No-Name-Produkte aus China.<\/span><\/strong><\/h4>\n<h4><strong><span style=\"color: #ff0000;\"><span style=\"color: #000000;\">z.B USB-Stick<\/span> Intenso Twist 32GB 3.2 <span style=\"color: #000000;\">(Anschl\u00fcsse A &amp; C) f\u00fcr CHF. 19.00<\/span><\/span><\/strong><\/h4>\n<h4><a href=\"https:\/\/www.copy2000bern.ch\/wordpress\/wp-content\/uploads\/2026\/03\/Intenso_Twist-e1772978513660.jpg\"><img loading=\"lazy\" decoding=\"async\" class=\"wp-image-1365 alignleft\" src=\"https:\/\/www.copy2000bern.ch\/wordpress\/wp-content\/uploads\/2026\/03\/Intenso_Twist-e1772978513660-580x116.jpg\" alt=\"\" width=\"225\" height=\"45\" srcset=\"https:\/\/www.copy2000bern.ch\/wordpress\/wp-content\/uploads\/2026\/03\/Intenso_Twist-e1772978513660-580x116.jpg 580w, https:\/\/www.copy2000bern.ch\/wordpress\/wp-content\/uploads\/2026\/03\/Intenso_Twist-e1772978513660-768x154.jpg 768w, https:\/\/www.copy2000bern.ch\/wordpress\/wp-content\/uploads\/2026\/03\/Intenso_Twist-e1772978513660.jpg 800w\" sizes=\"auto, (max-width: 225px) 100vw, 225px\" \/><\/a><\/h4>\n<h4><\/h4>\n<h4><\/h4>\n<p>&nbsp;<\/p>\n<p>&nbsp;<\/p>\n<h4><strong><span style=\"color: #ff0000;\">Intenso Ultra Line 32GB 2.0 <span style=\"color: #000000;\">(Anschluss A) f\u00fcr CHF. 16.00.<br \/>\n<\/span><\/span><\/strong><\/h4>\n<h4><strong><span style=\"color: #ff0000;\"><span style=\"color: #000000;\"><a href=\"https:\/\/www.copy2000bern.ch\/wordpress\/wp-content\/uploads\/2026\/03\/Intenso_Ultra-Line-e1772979057751.jpg\"><img loading=\"lazy\" decoding=\"async\" class=\"wp-image-1364 alignleft\" src=\"https:\/\/www.copy2000bern.ch\/wordpress\/wp-content\/uploads\/2026\/03\/Intenso_Ultra-Line-e1772979057751.jpg\" alt=\"\" width=\"158\" height=\"52\" \/><\/a><\/span><\/span><\/strong><\/h4>\n<p>&nbsp;<\/p>\n<h4><\/h4>\n<h4><\/h4>\n<h4><\/h4>\n<p>&nbsp;<\/p>\n<p>&nbsp;<\/p>\n<h4><\/h4>\n<h4><\/h4>\n<h4><\/h4>\n<h4><\/h4>\n<h4><\/h4>\n<h4><\/h4>\n<h3><strong><span style=\"color: #ff0000;\">Kontakt und Zustellung:<\/span><\/strong><\/h3>\n<h4><strong><span style=\"color: #000000;\"><span style=\"color: #ff0000;\">Direkt bringen und abholen:<br \/>\n<\/span><\/span><span style=\"color: #000000;\">Nach telefonischer Terminvereinbarung.<br \/>\n<\/span><\/strong><span style=\"color: #000000;\"><strong>Telefon: 031 371 04 38<\/strong><\/span><br \/>\n<span style=\"color: #000000;\"><strong>Telefonische Erreichbarkeit:<\/strong><\/span><br \/>\n<span style=\"color: #000000;\"><strong>Mo-Fr: 12:00h bis 19:00h<\/strong><\/span><\/h4>\n<h4><strong><span style=\"color: #ff0000;\">Pakete &amp; Post:\u00a0<\/span><span style=\"color: #000000;\">(nur Schweiz)<br \/>\n<\/span><\/strong><strong><span style=\"color: #000000;\">Versand in die ganze Schweiz, wir retournieren Ihren Auftrag\u00a0eingeschrieben<\/span><br \/>\n<span style=\"color: #000000;\">unter Posttarif. Pauschal f\u00fcr CHF. 9.-, die Differenz \u00fcbernehmen wir.<\/span><br \/>\n<span style=\"color: #000000;\">Material\/Verpackungskosten werden nicht in Rechnung gestellt.<\/span><\/strong><\/h4>\n<h4><span style=\"color: #000000;\"><strong>Bitte ihre Adresse, Telefonnummer oder\/und E-Mailadresse dem Paket beif\u00fcgen, danke!<\/strong><\/span><\/h4>\n<h3><span style=\"color: #ff0000;\"><strong><ins datetime=\"2019-04-05T11:03:40+00:00\">Kontaktdaten<\/ins><\/strong><\/span><\/h3>\n<h4><span style=\"color: #ff0000;\"><strong>Copy 2000<\/strong><\/span><br \/>\n<span style=\"color: #000000;\"><strong>Markus Born<\/strong><\/span><br \/>\n<span style=\"color: #000000;\"><strong>Sulgenbachstrasse 14<\/strong><\/span><br \/>\n<span style=\"color: #000000;\"><strong>3007 Bern<\/strong><\/span><\/h4>\n<h4><span style=\"color: #000000;\"><strong><span style=\"color: #ff0000;\">Tel<\/span>:\u00a0031 371 04 38<br \/>\n<\/strong><strong>Telefonische Erreichbarkeit:<\/strong><\/span><br \/>\n<span style=\"color: #000000;\"><strong>Mo-Fr: 12:00h bis 19:00h<\/strong><\/span><\/h4>\n<h4><strong><span style=\"color: #ff0000;\">E-Mail<\/span>:\u00a0<span style=\"color: #000000;\">(bitte Ihre Telefonnummer angeben)<\/span><\/strong><\/h4>\n<h4><span style=\"color: #0000ff;\"><strong><a style=\"color: #0000ff;\" href=\"mailto:info@copy2000bern.ch\">info@copy2000bern.ch<\/a><\/strong><\/span><\/h4>\n<h4><span style=\"color: #000000;\"><strong>Wir arbeiten selbstverst\u00e4ndlich mit gr\u00f6sster Sorgfalt und Vorsicht,<br \/>\nI<\/strong><strong><span style=\"color: #000000;\">hr<\/span>\u00a0<span style=\"color: #ff0000;\">Datenschutz<\/span>\u00a0<span style=\"color: #000000;\">ist uns wichtig.<\/span><br \/>\n<\/strong><strong>Bei Fragen z\u00f6gern Sie nicht uns zu kontaktieren.<br \/>\n<span style=\"color: #ff0000;\">Wir beraten Sie gerne<\/span>!<\/strong><\/span><\/h4>\n","protected":false},"excerpt":{"rendered":"<p>8mm Filmrollen digitalisieren Mit unserem Service k\u00f6nnen Sie Ihre 8mm-Filme (normal\/super ohne Ton, Standard) bei uns \u00e4usserst preiswert und in bester Qualit\u00e4t auf USB-Stick oder DVD digitalisieren lassen. Der USB-Stick ist vorteilhafter, g\u00fcnstiger und sehr zu empfehlen. Dieser kann am Flachbildschirm-Fernseher,\u00a0Beamer, Computer,\u00a0Laptop, etc.\u00a0angeschlossen werden. Falls Sie es w\u00fcnschen auch auf DVD. Ihre Filmrollen werden professionell<\/p>\n","protected":false},"author":5,"featured_media":0,"parent":0,"menu_order":0,"comment_status":"closed","ping_status":"closed","template":"","meta":{"footnotes":""},"class_list":["post-688","page","type-page","status-publish","hentry"],"_links":{"self":[{"href":"https:\/\/www.copy2000bern.ch\/wordpress\/wp-json\/wp\/v2\/pages\/688","targetHints":{"allow":["GET"]}}],"collection":[{"href":"https:\/\/www.copy2000bern.ch\/wordpress\/wp-json\/wp\/v2\/pages"}],"about":[{"href":"https:\/\/www.copy2000bern.ch\/wordpress\/wp-json\/wp\/v2\/types\/page"}],"author":[{"embeddable":true,"href":"https:\/\/www.copy2000bern.ch\/wordpress\/wp-json\/wp\/v2\/users\/5"}],"replies":[{"embeddable":true,"href":"https:\/\/www.copy2000bern.ch\/wordpress\/wp-json\/wp\/v2\/comments?post=688"}],"version-history":[{"count":96,"href":"https:\/\/www.copy2000bern.ch\/wordpress\/wp-json\/wp\/v2\/pages\/688\/revisions"}],"predecessor-version":[{"id":1372,"href":"https:\/\/www.copy2000bern.ch\/wordpress\/wp-json\/wp\/v2\/pages\/688\/revisions\/1372"}],"wp:attachment":[{"href":"https:\/\/www.copy2000bern.ch\/wordpress\/wp-json\/wp\/v2\/media?parent=688"}],"curies":[{"name":"wp","href":"https:\/\/api.w.org\/{rel}","templated":true}]}}